{"id":40,"date":"2011-12-25T13:27:58","date_gmt":"2011-12-25T13:27:58","guid":{"rendered":"http:\/\/translator.ee\/?page_id=40"},"modified":"2024-03-28T19:58:31","modified_gmt":"2024-03-28T17:58:31","slug":"kkk","status":"publish","type":"page","link":"http:\/\/www.translator.ee\/de\/kkk\/","title":{"rendered":"H\u00e4ufig gestellte Fragen"},"content":{"rendered":"<h2>\u00dcber das Amt eines vereidigten \u00dcbersetzers<\/h2>\n<span class=\"collapseomatic \" id=\"id69d79fe47c5bc\"  tabindex=\"0\" title=\"Warum sollte die Leistung eines vereidigten \u00dcbersetzers in Anspruch genommen werden?\"    >Warum sollte die Leistung eines vereidigten \u00dcbersetzers in Anspruch genommen werden?<\/span><div id=\"target-id69d79fe47c5bc\" class=\"collapseomatic_content \">\n<ul>\n<li>Im Unterschied zu einem Notar beglaubigt ein vereidigter \u00dcbersetzer auch die inhaltliche Richtigkeit der \u00dcbersetzung. <span style=\"color: #ff0000;\">Bei einer so genannten notariellen \u00dcbersetzung beglaubigt der Notar lediglich die Richtigkeit der Unterschrift des \u00dcbersetzers und nicht die Richtigkeit einer \u00dcbersetzung<\/span>, s. Abbildung unten:<span style=\"color: #ff0000;\"> <img loading=\"lazy\" decoding=\"async\" class=\"aligncenter  wp-image-304\" title=\"Echtheit der Unterschrift\" src=\"http:\/\/translator.ee\/wp-content\/uploads\/2012\/02\/notar_GER_translation.jpg\" alt=\"\" width=\"600\" height=\"451\" srcset=\"http:\/\/www.translator.ee\/wp-content\/uploads\/2012\/02\/notar_GER_translation.jpg 600w, http:\/\/www.translator.ee\/wp-content\/uploads\/2012\/02\/notar_GER_translation-300x225.jpg 300w, http:\/\/www.translator.ee\/wp-content\/uploads\/2012\/02\/notar_GER_translation-399x300.jpg 399w\" sizes=\"(max-width: 600px) 100vw, 600px\" \/><span style=\"color: #000000;\"><em>Abbildung: In seinem Beglaubigungsvermerk weist der Notar darauf hin, dass er die Richtigkeit der \u00dcbersetzung nicht gepr\u00fcft hat.<\/em><\/span> <\/span><\/li>\n<li>In der Regel erhalten Sie Ihre \u00dcbersetzung auch rascher, denn der Weg zum Notar bleibt Ihnen erspart: ein vereidigter \u00dcbersetzer beglaubigt die Dokumente selbst \u2013 in Eilf\u00e4llen nat\u00fcrlich auch au\u00dferhalb der \u00fcblichen Arbeitszeiten und an Feiertagen.<\/li>\n<\/ul>\n<\/div> <span class=\"collapseomatic \" id=\"id69d79fe47c5e7\"  tabindex=\"0\" title=\"Was darf ein vereidigter \u00dcbersetzer \u00fcbersetzen und beglaubigen?\"    >Was darf ein vereidigter \u00dcbersetzer \u00fcbersetzen und beglaubigen?<\/span><div id=\"target-id69d79fe47c5e7\" class=\"collapseomatic_content \">Ein vereidigter \u00dcbersetzer kann <strong>alle Dokumentenarten<\/strong> \u00fcbersetzen \u2013 sei es eine Produktbeschreibung (die z. B. f\u00fcr Warenzeichenfragen erforderlich sein kann), Informationen aus dem Internet usw. Gleiches gilt auch f\u00fcr die Anfertigung von Abschriften \u2013 eine Abschrift (Fotokopie) kann von s\u00e4mtlichen Dokumenten angefertigt werden, unabh\u00e4ngig davon, wer das Dokument in welcher Form ausgestellt hat. Dar\u00fcber hinaus vereidigte \u00dcbersetzer in Estland sind gesetzlich berechtigt, sich Angaben aus einem \u00f6ffentlichen Register (z.B. Handelsregister) zu beschaffen und die Richtigkeit eines Auszugs zu beglaubigen. Bitte beachten Sie hier allerdings, dass in den meisten F\u00e4llen f\u00fcr die Anfertigung einer \u00dcbersetzung das Original vorliegen muss, wobei das Original meist mit einer <a href=\"#Apostille\">Apostille<\/a> versehen sein muss. <\/div> <span class=\"collapseomatic \" id=\"id69d79fe47c603\"  tabindex=\"0\" title=\"Darf ein vereidigter \u00dcbersetzer auch dolmetschen?\"    >Darf ein vereidigter \u00dcbersetzer auch dolmetschen?<\/span><div id=\"target-id69d79fe47c603\" class=\"collapseomatic_content \">Ein vereidigter \u00dcbersetzer kann auch verdolmetschen, ist allerdings in erster Linie mit schriftlichen \u00dcbersetzungen befasst. Er tr\u00e4gt seine \u00dcbersetzungen in das Amtsgesch\u00e4fte-Verzeichnis ein; dies gilt allerdings nicht f\u00fcr Dolmetschleistungen. In Gerichtsverfahren muss ein vereidigter \u00dcbersetzer nicht gesondert vereidigt oder aber \u00fcber die rechtlichen Konsequenzen einer unrichtigen \u00dcbertragung belehrt werden. Wenn Sie die Beglaubigung einer Verdolmetschung w\u00fcnschen, muss diese protokolliert werden oder dem vereidigten Dolmetscher in anderer Form auf Papiertr\u00e4ger zur Verf\u00fcgung gestellt werden, damit der vereidigte \u00dcbersetzer dies schriftlich \u00fcbersetzen und in sein Amtsgesch\u00e4fte-Verzeichnis eintragen kann. <\/div> <span class=\"collapseomatic \" id=\"id69d79fe47c61a\"  tabindex=\"0\" title=\"Darf ein vereidigter \u00dcbersetzer auch \u201egew\u00f6hnliche\u201c \u00dcbersetzungen anfertigen?\"    >Darf ein vereidigter \u00dcbersetzer auch \u201egew\u00f6hnliche\u201c \u00dcbersetzungen anfertigen?<\/span><div id=\"target-id69d79fe47c61a\" class=\"collapseomatic_content \">Diesem steht selbstverst\u00e4ndlich nichts entgegen, denn eine beglaubigte \u00dcbersetzung unterscheidet sich, wie auch der Name schon sagt, lediglich durch die Beglaubigung. Es versteht sich von selbst, dass Ihnen auch bei einer &#8222;gew\u00f6hnlichen&#8220; \u00dcbersetzung die \u00fcbliche Qualit\u00e4t geliefert wird. Sie ist zudem preisg\u00fcnstiger, da ja die Beglaubigungsgeb\u00fchr entf\u00e4llt. Mehr \u00fcber meine Preise k\u00f6nnen Sie <a title=\"Preise\" href=\"http:\/\/www.translator.ee\/de\/hinnad-ja-teenused\/\">hier<\/a> nachlesen. <\/div> <span class=\"collapseomatic \" id=\"id69d79fe47c630\"  tabindex=\"0\" title=\"Was ist richtig: \u201ebeglaubigte\u201c, \u201ebescheinigte\u201c oder \u201ebest\u00e4tigte\u201c \u00dcbersetzung?\"    >Was ist richtig: \u201ebeglaubigte\u201c, \u201ebescheinigte\u201c oder \u201ebest\u00e4tigte\u201c \u00dcbersetzung?<\/span><div id=\"target-id69d79fe47c630\" class=\"collapseomatic_content \"><strong><\/strong>In Deutschland unterscheidet sich die Erm\u00e4chtigung oder \u00f6ffentliche Bestellung von \u00dcbersetzern von Bundesland zu Bundesland, deshalb werden die Begriffe \u201ebeglaubigte\u201c, \u201ebescheinigte\u201c und \u201ebest\u00e4tigte\u201c \u00dcbersetzung unterschiedlich verwendet. Der Sinn des Verfahrens ist sowohl in Deutschland als auch in Estland \u00e4hnlich: Der vereidigte bzw. erm\u00e4chtigter \u00dcbersetzer best\u00e4tigt die Richtigkeit und Vollst\u00e4ndigkeit der \u00dcbersetzung und versieht die \u00dcbersetzung mit einem Best\u00e4tigungsvermerk, seiner Unterschrift und dem Dienstsiegel. <\/div> <span class=\"collapseomatic \" id=\"id69d79fe47c648\"  tabindex=\"0\" title=\"Kontaktangaben der in Estland t\u00e4tigen vereidigten \u00dcbersetzer\"    >Kontaktangaben der in Estland t\u00e4tigen vereidigten \u00dcbersetzer<\/span><div id=\"target-id69d79fe47c648\" class=\"collapseomatic_content \"><a title=\"Vereidigte \u00dcbersetzer in Estland\" href=\"http:\/\/www.just.ee\/39972\" target=\"_blank\">http:\/\/www.just.ee\/39972.<\/a> <\/div> <span class=\"collapseomatic \" id=\"id69d79fe47c65c\"  tabindex=\"0\" title=\"Einschl\u00e4gige Rechtsvorschriften (in englischer Sprache)\"    >Einschl\u00e4gige Rechtsvorschriften (in englischer Sprache)<\/span><div id=\"target-id69d79fe47c65c\" class=\"collapseomatic_content \">Sworn Translators Act &#8211; Gesetz \u00fcber vereidigte \u00dcbersetzer (<a href=\"https:\/\/www.riigiteataja.ee\/akt\/13184849?leiaKehtiv\">Estnisch<\/a>) (<a href=\"http:\/\/www.legaltext.ee\/text\/en\/X60005K5.htm\">English<\/a>) Notaries Act &#8211; Notargesetz (<a href=\"https:\/\/www.riigiteataja.ee\/akt\/13259133?leiaKehtiv\">Estnisch<\/a>) (<a href=\"http:\/\/www.legaltext.ee\/text\/en\/X50001K5.htm\">English<\/a>) Notarisation Act &#8211; Beurkundungsgesetz (<a href=\"https:\/\/www.riigiteataja.ee\/akt\/13184823?leiaKehtiv\">Estnisch<\/a>) (<a href=\"http:\/\/www.legaltext.ee\/text\/en\/X50058K4.htm\">English<\/a>) Notaries Disciplinary Action Act &#8211; Gesetz \u00fcber die disziplinarische Haftung eines Notars (<a href=\"https:\/\/www.riigiteataja.ee\/akt\/13185602?leiaKehtiv\">Estnisch<\/a>) (<a href=\"http:\/\/www.legaltext.ee\/text\/en\/X90021K1.htm\">English<\/a>) Code of Conduct of Sworn Translators &#8211; Verordnung \u00fcber vereidigte \u00dcbersetzer (<a href=\"https:\/\/www.riigiteataja.ee\/akt\/117012012011?leiaKehtiv\">Estnisch<\/a>) <\/div> <a id=\"Vorgang\" name=\"Vorgang\"><\/a><\/p>\n<h2>Der \u00dcbersetzungsvorgang<\/h2>\n<span class=\"collapseomatic \" id=\"id69d79fe47c66f\"  tabindex=\"0\" title=\"Wie k\u00f6nnen Sie mir Ihre Dokumente zukommen lassen?\"    >Wie k\u00f6nnen Sie mir Ihre Dokumente zukommen lassen?<\/span><div id=\"target-id69d79fe47c66f\" class=\"collapseomatic_content \">\n<ul>\n<li>Besuchen Sie mich in meinem B\u00fcro im Zentrum von Tallinn. Anschrift: R\u00e4vala pst 6, 10143 Tallinn, Estland, \u00dcbersetzungsb\u00fcro &#8222;Kesklinna T\u00f5lkekeskus&#8220; im 5. Stock. Bitte setzten Sie sich zuvor telefonisch mit mir in Verbindung, Tel. +372 51 49939.<\/li>\n<li>Senden Sie bitte s\u00e4mtliche ben\u00f6tigten Unterlagen per Post an die folgende Anschrift: <strong>Dmitri Platonov. R\u00e4vala pst 6, 10143 Tallinn, Estland<\/strong>.<\/li>\n<\/ul>\n<\/div> <span class=\"collapseomatic \" id=\"id69d79fe47c682\"  tabindex=\"0\" title=\"Wie lange dauert es, bis meine \u00dcbersetzung fertig ist?\"    >Wie lange dauert es, bis meine \u00dcbersetzung fertig ist?<\/span><div id=\"target-id69d79fe47c682\" class=\"collapseomatic_content \">\n<ul>\n<li>Ein kleineres Dokument ist \u00fcblicherweise am \u00fcbern\u00e4chsten Tag fertig. Wenn Sie es eilig haben, ist auch eine <strong>Eil\u00fcbersetzung<\/strong> m\u00f6glich. Bitte stimmen Sie dies pers\u00f6nlich mit mir ab.<\/li>\n<li>Bitte beachten Sie, dass in der Regel maximal 5 Seiten (9000 Zeichen) pro Tag \u00fcbersetzt werden, um an die Qualit\u00e4t keine Abstriche machen zu m\u00fcssen. Wenn Sie es eiliger haben, bitte ich um Verst\u00e4ndnis daf\u00fcr, dass ich einen Eilzuschlag von 50 % erhebe.<\/li>\n<li>Wenn Dokumente apostilliert werden m\u00fcssen, m\u00fcssen Sie auch die hierf\u00fcr erforderliche Zeit einplanen (1 bis 5 Tage).<\/li>\n<\/ul>\n<\/div> <a id=\"Preise\" name=\"Preose\"><\/a><\/p>\n<h2>Preise<\/h2>\n<span class=\"collapseomatic \" id=\"id69d79fe47c693\"  tabindex=\"0\" title=\"Was kostet eine beglaubigte \u00dcbersetzung?\"    >Was kostet eine beglaubigte \u00dcbersetzung?<\/span><div id=\"target-id69d79fe47c693\" class=\"collapseomatic_content \">\n<ul>\n<ul>\n<li>Hier geht es zu den <a href=\"http:\/\/www.translator.ee\/de\/hinnad-ja-teenused\/\">Preisen<\/a>.<\/li>\n<\/ul>\n<\/ul>\n<\/div> <span class=\"collapseomatic \" id=\"id69d79fe47c6a9\"  tabindex=\"0\" title=\"Wie wird eigentlich eine Seite berechnet?\"    >Wie wird eigentlich eine Seite berechnet?<\/span><div id=\"target-id69d79fe47c6a9\" class=\"collapseomatic_content \">1 rechnerische Seite: 1.800 Zeichen einschl. Leerzeichen (<strong>\u00fcbersetzter Text<\/strong>). Eine solche Berechnung ist \u00fcblich. Bitte haben Sie Verst\u00e4ndnis daf\u00fcr, dass das Format A4 nicht zugrunde gelegt werden kann, denn es ist zu vage. Wenn Sie mit Microsoft Word arbeiten, k\u00f6nnen Sie die L\u00e4nge Ihres Texts wie folgt berechnen: Extras \u2013&gt; W\u00f6rter z\u00e4hlen \u2013&gt; Zeichen einschl. Leerzeichen (bzw. Englisch: Tools \u2013&gt; Word count \u2013&gt; Characters with spaces). <\/div> <a id=\"Apostillen\" name=\"Apostillen\"><\/a><\/p>\n<h2>Apostillen und Legalisierungen<\/h2>\n<span class=\"collapseomatic \" id=\"Apostille\"  tabindex=\"0\" title=\"Was ist eine Apostille?\"    >Was ist eine Apostille?<\/span><div id=\"target-Apostille\" class=\"collapseomatic_content \">\n<ul>\n<li>Zur Anerkennung der Dokumente ist f\u00fcr viele Staaten eine Apostille oder eine Legalisation erforderlich. Ausf\u00fchrlichere Informationen \u00fcber Apostillen und Legalisation k\u00f6nnen auf der Internetseite des <a title=\"Beglaubigung \/ Legalisation \/ Apostille \/ Beschaffung von Urkunden\" href=\"http:\/\/www.auswaertiges-amt.de\/DE\/Infoservice\/FAQ\/BeglaubigungLegalisation\/Uebersicht.html\">Ausw\u00e4rtigen Amts<\/a> abgerufen werden.<\/li>\n<li><a href=\"http:\/\/www.hcch.net\/index_en.php?act=conventions.status&amp;cid=41\">Liste der Staaten, die eine Apostille verlangen<\/a>.<\/li>\n<li>Wie sieht eine Apostille aus? Apostille, ausgestellt in Estland (Klicken Sie auf das Bild, um es n\u00e4her anzusehen): <a href=\"http:\/\/translator.ee\/wp-content\/uploads\/2012\/01\/apostille_estonia.jpg\"><img loading=\"lazy\" decoding=\"async\" class=\"alignnone size-medium wp-image-195\" title=\"Estnische Apostille\" src=\"http:\/\/translator.ee\/wp-content\/uploads\/2012\/01\/apostille_estonia-193x300.jpg\" alt=\"\" width=\"193\" height=\"300\" srcset=\"http:\/\/www.translator.ee\/wp-content\/uploads\/2012\/01\/apostille_estonia-193x300.jpg 193w, http:\/\/www.translator.ee\/wp-content\/uploads\/2012\/01\/apostille_estonia.jpg 600w\" sizes=\"(max-width: 193px) 100vw, 193px\" \/><\/a><\/li>\n<li>Die Urkunde muss man mit einer Apostille vor der \u00dcbersetzung versehen.<\/li>\n<li>Es ist empfehlenswert, auch die \u00dcbersetzung mit einer Apostille zu versehen.<\/li>\n<\/ul>\n<\/div> <span class=\"collapseomatic \" id=\"id69d79fe47c6d0\"  tabindex=\"0\" title=\"Welche Dokumente m\u00fcssen mit einer Apostille versehen werden?\"    >Welche Dokumente m\u00fcssen mit einer Apostille versehen werden?<\/span><div id=\"target-id69d79fe47c6d0\" class=\"collapseomatic_content \">Eine Apostille kann nur auf einer \u00f6ffentlichen Urkunde angebracht werden. \u00d6ffentliche Urkunden sind z.B.:<\/p>\n<ul>\n<li>Ehef\u00e4higkeitszeugnis<\/li>\n<li>Geburtsurkunde<\/li>\n<li>Eheurkunde bzw. Heiratsurkunde<\/li>\n<li>Scheidungsurkunde und Scheidungsurteil<\/li>\n<li>Sterbeurkunde bzw. Todesschein<\/li>\n<li>Namens\u00e4nderungsurkunde<\/li>\n<li>Abschriften aus einem Personenstandsbuch<\/li>\n<li>Bescheinigung aus dem Estnischen Staatsb\u00fcrgerschafts- und Migrationsamt<\/li>\n<li>Auskunft aus dem Strafregister (Strafregisterbescheinigung), F\u00fchrungszeugnis<\/li>\n<li>Bescheinigungen aus lokalen Selbstverwaltungen<\/li>\n<li>Auskunft aus dem Einwohnermelderegister<\/li>\n<li>Diplom<\/li>\n<li>Abiturzeugnis, Schulabschlusszeugnis<\/li>\n<li>Diploma Supplement<\/li>\n<li>Arztbescheinigung<\/li>\n<li>Finanzamtbescheinigung<\/li>\n<li>Archivauskunft<\/li>\n<li>Gerichtsurkunde (z.B. Gerichtsbeschluss, Gerichtsverf\u00fcgung)<\/li>\n<li>Notarielle Urkunde (z.B. beglaubigte Abschrift)<\/li>\n<li>Urkunden eines vereidigten \u00dcbersetzers (beglaubigte Abschriften und \u00dcbersetzungen)<\/li>\n<li>Urkunden eines Gerichtsvollziehers<\/li>\n<li>Bescheinigung einer Justizvollzugsanstalt, Bescheinigung einer Staatsanwaltschaft<\/li>\n<li>Auszug aus dem Grundbuchamt<\/li>\n<li>Auszug aus dem Handelsregister<\/li>\n<\/ul>\n<\/div> <span class=\"collapseomatic \" id=\"id69d79fe47c6e4\"  tabindex=\"0\" title=\"Wo bekommt man eine Apostille in Estland?\"    >Wo bekommt man eine Apostille in Estland?<\/span><div id=\"target-id69d79fe47c6e4\" class=\"collapseomatic_content \">Neu ist in Estland nun, dass die Apostillen durch die Notare und nicht l\u00e4nger durch die Ministerien ausgestellt werden. <a href=\"http:\/\/www.notar.ee\/19765\">Das Verzeichnis aller Notare in Estland<\/a>. Sie k\u00f6nnen eine Apostille fast in jeder estnischen Stadt anfertigen lassen. Auf Wunsch kann ich diese Aufgabe auch gerne f\u00fcr Sie \u00fcbernehmen (30 Euro\/Apostolle). <\/div> <span class=\"collapseomatic \" id=\"id69d79fe47c6f9\"  tabindex=\"0\" title=\"Wieviel kostet eine Apostille?\"    >Wieviel kostet eine Apostille?<\/span><div id=\"target-id69d79fe47c6f9\" class=\"collapseomatic_content \">\n<ul>\n<li>Die Geb\u00fchr f\u00fcr jede Apostille betr\u00e4gt 26,84 Euro (incl. MwSt.).<\/li>\n<li>Auf Wunsch kann ich diese Aufgabe auch gerne f\u00fcr Sie \u00fcbernehmen. In diesem Fall kostet eine Apostille f\u00fcr Sie 30 Euro.<\/li>\n<\/ul>\n<\/div> <span class=\"collapseomatic \" id=\"id69d79fe47c70c\"  tabindex=\"0\" title=\"Wie lange dauert die Fertigung von Apostillen?\"    >Wie lange dauert die Fertigung von Apostillen?<\/span><div id=\"target-id69d79fe47c70c\" class=\"collapseomatic_content \">Estnische Notare apostillieren eine \u00f6ffentliche Urkunde im Laufe von bis zu 5 Arbeitstagen, in der Regel k\u00f6nnen Sie aber eine Apostille am n\u00e4chsten oder sogar am gleichen Arbeitstag bekommen. <\/div>\n<h2>Sie haben hier keine Antwort auf Ihre Frage gefunden? Stellen Sie Ihre Frage einfach \u00fcber dieses Kontaktformular!<\/h2>\n<div role=\"form\" class=\"wpcf7\" id=\"wpcf7-f575-o3\" dir=\"ltr\">\n<div class=\"screen-reader-response\"><\/div>\n<form action=\"\/de\/wp-json\/wp\/v2\/pages\/40#wpcf7-f575-o3\" method=\"post\" class=\"wpcf7-form\" novalidate=\"novalidate\">\n<div style=\"display: none;\">\n<input type=\"hidden\" name=\"_wpcf7\" value=\"575\" \/>\n<input type=\"hidden\" name=\"_wpcf7_version\" value=\"5.1.6\" \/>\n<input type=\"hidden\" name=\"_wpcf7_locale\" value=\"\" \/>\n<input type=\"hidden\" name=\"_wpcf7_unit_tag\" value=\"wpcf7-f575-o3\" \/>\n<input type=\"hidden\" name=\"_wpcf7_container_post\" value=\"0\" \/>\n<\/div>\n<p>Ihr Name<br \/>\n    <span class=\"wpcf7-form-control-wrap your-name\"><input type=\"text\" name=\"your-name\" value=\"\" size=\"40\" class=\"wpcf7-form-control wpcf7-text\" aria-invalid=\"false\" \/><\/span> <\/p>\n<p>Ihre E-Mail oder Telefonnummer (obligatorisch)<br \/>\n    <span class=\"wpcf7-form-control-wrap text-238\"><input type=\"text\" name=\"text-238\" value=\"\" size=\"40\" class=\"wpcf7-form-control wpcf7-text wpcf7-validates-as-required\" aria-required=\"true\" aria-invalid=\"false\" \/><\/span><\/p>\n<p><span id=\"wpcf7-69d79fe47ca02-wrapper\" class=\"wpcf7-form-control-wrap ZipCode-wrap\" style=\"display:none !important; visibility:hidden !important;\"><label for=\"wpcf7-69d79fe47ca02-field\" class=\"hp-message\">Bitte lasse dieses Feld leer.<\/label><input id=\"wpcf7-69d79fe47ca02-field\"  class=\"wpcf7-form-control wpcf7-text\" type=\"text\" name=\"ZipCode\" value=\"\" size=\"40\" tabindex=\"-1\" autocomplete=\"new-password\" \/><\/span><\/p>\n<p><span id=\"wpcf7-69d79fe47ca23-wrapper\" class=\"wpcf7-form-control-wrap pusto-5-wrap\" style=\"display:none !important; visibility:hidden !important;\"><label for=\"wpcf7-69d79fe47ca23-field\" class=\"hp-message\">Bitte lasse dieses Feld leer.<\/label><input id=\"wpcf7-69d79fe47ca23-field\"  class=\"wpcf7-form-control wpcf7-text\" type=\"text\" name=\"pusto-5\" value=\"\" size=\"40\" tabindex=\"-1\" autocomplete=\"new-password\" \/><\/span><\/p>\n<p>Ihre Frage (obligatorisch)<br \/>\n    <span class=\"wpcf7-form-control-wrap your-message\"><textarea name=\"your-message\" cols=\"27\" rows=\"4\" class=\"wpcf7-form-control wpcf7-textarea wpcf7-validates-as-required\" aria-required=\"true\" aria-invalid=\"false\"><\/textarea><\/span> <\/p>\n<div class=\"wpcf7-response-output wpcf7-display-none\"><\/div>\n<p><input type=\"submit\" value=\"Senden\" class=\"wpcf7-form-control wpcf7-submit\" \/><\/p>\n<\/form><\/div>","protected":false},"excerpt":{"rendered":"<p>\u00dcber das Amt eines vereidigten \u00dcbersetzers Der \u00dcbersetzungsvorgang Preise Apostillen und Legalisierungen Sie haben hier keine Antwort auf Ihre Frage gefunden? Stellen Sie Ihre Frage einfach \u00fcber dieses Kontaktformular!<\/p>\n","protected":false},"author":1,"featured_media":0,"parent":0,"menu_order":10,"comment_status":"closed","ping_status":"closed","template":"","meta":{"footnotes":""},"_links":{"self":[{"href":"http:\/\/www.translator.ee\/de\/wp-json\/wp\/v2\/pages\/40"}],"collection":[{"href":"http:\/\/www.translator.ee\/de\/wp-json\/wp\/v2\/pages"}],"about":[{"href":"http:\/\/www.translator.ee\/de\/wp-json\/wp\/v2\/types\/page"}],"author":[{"embeddable":true,"href":"http:\/\/www.translator.ee\/de\/wp-json\/wp\/v2\/users\/1"}],"replies":[{"embeddable":true,"href":"http:\/\/www.translator.ee\/de\/wp-json\/wp\/v2\/comments?post=40"}],"version-history":[{"count":205,"href":"http:\/\/www.translator.ee\/de\/wp-json\/wp\/v2\/pages\/40\/revisions"}],"predecessor-version":[{"id":828,"href":"http:\/\/www.translator.ee\/de\/wp-json\/wp\/v2\/pages\/40\/revisions\/828"}],"wp:attachment":[{"href":"http:\/\/www.translator.ee\/de\/wp-json\/wp\/v2\/media?parent=40"}],"curies":[{"name":"wp","href":"https:\/\/api.w.org\/{rel}","templated":true}]}}