{"id":45,"date":"2011-12-25T13:45:14","date_gmt":"2011-12-25T13:45:14","guid":{"rendered":"http:\/\/translator.ee\/?page_id=45"},"modified":"2016-01-30T23:49:02","modified_gmt":"2016-01-30T20:49:02","slug":"hinnad-ja-teenused","status":"publish","type":"page","link":"http:\/\/www.translator.ee\/de\/hinnad-ja-teenused\/","title":{"rendered":"Preise und Leistungen"},"content":{"rendered":"<p>Ich biete Ihnen <a title=\"Schriftliche \u00dcbersetzung\" href=\"#Schriftlich\">schriftliche<\/a> und <a title=\"Dolmetschen\" href=\"#Dolmetschen\">m\u00fcndliche \u00dcbersetzungen<\/a> in verschiedenen Sprachkombinationen, <a title=\"Korrektur und Lektorat\" href=\"#Korrektur_Lektorat\">Textkorrektur und -redaktion<\/a> an. Ich k\u00fcmmere mich auch um die <a title=\"Beschaffung von Apostillen\" href=\"#Apostillen\">Beantragung von Apostillen<\/a>. Dar\u00fcber hinaus biete ich Beratung bei der \u00dcbersetzung von Dokumenten und bei mit deren Gebrauch verbundenen Fragen (z.B. Apostillen, Duplikate, Registerausz\u00fcge usw.).<\/p>\n<h2><a id=\"Schriftlich\" name=\"Schriftlich\"><\/a>Schriftliche \u00dcbersetzungen<\/h2>\n<p>Lassen Sie sich ein pers\u00f6nliches Angebot unterbreiten und fragen Sie nach <a href=\"#Ermaessigungen\">Preisnachl\u00e4ssen<\/a> f\u00fcr umfangreichere Auftr\u00e4ge! Bei Privatkunden kommt \u00fcbrigens <strong>keine<\/strong> MWSt. hinzu!<\/p>\n<table width=\"80%\" border=\"10\">\n<tbody>\n<tr>\n<td>\n<div align=\"center\"><strong>Sprachrichtung<\/strong><\/div>\n<\/td>\n<td>\n<div align=\"center\"><strong>Anmerkung<\/strong><\/div>\n<\/td>\n<\/tr>\n<tr>\n<td>Estnisch\u2212Deutsch<\/td>\n<td>\u00dcbersetzung mit und ohne Beglaubigung.<\/td>\n<\/tr>\n<tr>\n<td>Deutsch\u2212Estnisch<\/td>\n<td>Eine in Estland akzeptierte notariell beglaubige \u00dcbersetzung ist m\u00f6glich. Gew\u00f6hnliche \u00dcbersetzung.<\/td>\n<\/tr>\n<tr>\n<td>Estnisch\u2212Russisch<\/td>\n<td>\u00dcbersetzung mit und ohne Beglaubigung.<\/td>\n<\/tr>\n<tr>\n<td>Englisch\u2212Russisch<\/td>\n<td>\u00dcbersetzung mit und ohne Beglaubigung.<\/td>\n<\/tr>\n<tr>\n<td>Deutsch\u2212Russisch<\/td>\n<td>\u00dcbersetzung mit und ohne Beglaubigung.<\/td>\n<\/tr>\n<tr>\n<td>Russisch\u2212Deutsch<\/td>\n<td>\u00dcbersetzung mit und ohne Beglaubigung.<\/td>\n<\/tr>\n<\/tbody>\n<\/table>\n<p>Der Preis f\u00fcr 1 Seite* h\u00e4ngt vom Schwierigkeitsgrad, Umfang, Format des Textes, sowie der Dringlichkeit des Auftrags und den Qualit\u00e4tsanforderungen (von einfacher Tippfehlerkontrolle bis zur umfangreicher \u00dcberarbeitung des Originals und der \u00dcbersetzung) ab. * 1 Seite = 1.800 Zeichen einschl. Leerzeichen (\u00fcbersetzter Text). Der Endpreis berechnet sich anhand der Zeichenzahl der \u00dcbersetzung. Bei gr\u00f6\u00dferen Auftr\u00e4gen und Erstkunden bitte ich um eine Anzahlung. Des Weiteren behalte ich mir vor, Dokumente bis zur vollst\u00e4ndigen Entrichtung meines Honorars zur\u00fcckzubehalten. Gegebenenfalls kommen noch <a href=\"#Post\">Kurierkosten<\/a> hinzu.<\/p>\n<h2><a id=\"Endpreise\" name=\"Endpreise\"><\/a>Endpreise \u2013 Beispiele (\u00dcbersetzung durch einen vereidigten \u00dcbersetzer)<\/h2>\n<p>Die unten aufgef\u00fchrten Preise verstehen sich als Orientierung. Der genaue Endpreis wird anhand der Zeichenzahl errechnet; 1 Seite besteht aus 1.800 Zeichen einschl. Leerzeichen. Eventuell anfallende <a href=\"#Post\">Postgeb\u00fchren<\/a> werden zus\u00e4tzlich berechnet.<\/p>\n<ul type=\"disc\">\n<li>Kleindokumente im A4-A5-Format auf einem Blatt (z.B. Geburtsurkunde, Heiratsurkunde, Scheidungsurkunde, Namens\u00e4nderungsurkunde, Sterbeurkunde bzw. Todesschein, F\u00fchrungszeugnis, Ehef\u00e4higkeitszeugnis, Ausz\u00fcge aus dem Melderegister usw.): 35 Euro, zzgl. MwSt. 20% f\u00fcr juristische Personen aus Estland.<\/li>\n<li>Firmen-Handelsregisterauszug (sog. B-Karte): 35\u201470 Euro, zzgl. MwSt. 20% f\u00fcr juristische Personen aus Estland. <strong>Achtung<\/strong>: Sie m\u00fcssen den Ausdruck nicht selbst beschaffen, sondern bei mir bestellen! Ich arbeite bei einem Notarb\u00fcro, und Notare sind gesetzlich berechtigt, sich Angaben aus einem \u00f6ffentlichen Register zu beschaffen und die Richtigkeit eines Auszugs zu beglaubigen.<\/li>\n<li>Schulabgangszeugnis mit Zensuren\u00fcbersicht: 60 Euro, zzgl. MwSt. 20% f\u00fcr juristische Personen aus Estland.<\/li>\n<li>Hochschulzeugnis mit Zensuren\u00fcbersicht: 100\u2014200 Euro, zzgl. MwSt. 20% f\u00fcr juristische Personen aus Estland.<\/li>\n<\/ul>\n<h2><a id=\"Dolmetschen\" name=\"Dolmetschen\"><\/a>Konsekutivdolmetschen<\/h2>\n<p>Der Preis f\u00fcr 1 Stunde Dolmetschen h\u00e4ngt von Schwierigkeitsgrad und Intensit\u00e4t der Arbeit ab. Lassen Sie sich ein pers\u00f6nliches Angebot unterbreiten! Bei l\u00e4nger dauernden Auftr\u00e4gen sind Preisnachl\u00e4sse m\u00f6glich (z.B. ein Tagessatz). Pausen und Wartezeiten werden im Preis mitgerechnet. Kosten f\u00fcr Transport, Unterbringung und Verpflegung etc werden zuz\u00fcglich berechnet.<\/p>\n<table width=\"80%\" border=\"1\">\n<tbody>\n<tr>\n<td>\n<div align=\"center\"><strong>Sprachrichtung<\/strong><\/div>\n<\/td>\n<td>\n<div align=\"center\"><strong>Anmerkung<\/strong><\/div>\n<\/td>\n<\/tr>\n<tr>\n<td>Estnisch\u2212Russisch\u2212Estnisch<\/td>\n<td><\/td>\n<\/tr>\n<tr>\n<td>Deutsch\u2212Russisch\u2212Deutsch<\/td>\n<td><\/td>\n<\/tr>\n<tr>\n<td>Deutsch\u2212Estnisch\u2212Deutsch<\/td>\n<td><\/td>\n<\/tr>\n<tr>\n<td>Deutsch\u2212Estnisch\u2212Russisch\u2212Deutsch<\/td>\n<td>Dolmetschen zwischen 3 Sprachen.<\/td>\n<\/tr>\n<\/tbody>\n<\/table>\n<h2><a id=\"Korrektur_Lektorat\" name=\"Korrektur_Lektorat\"><\/a>Korrektur und Lektorat<\/h2>\n<p>Ich biete Korrektur, Lektorat und redaktionelle Bearbeitung Ihrer Texte in folgenden Sprachen an: Russisch und Deutsch. Ein zweiter Korrektor\/Redakteur oder Experte kann hinzugezogen werden. Mir helfen dabei erfahrene und zuverl\u00e4ssige Kollegen: \u00dcbersetzer, Korrekturleser und Verlagslektoren. Der Preis h\u00e4ngt von der Sprache, Qualit\u00e4t und Umfang des Ausgangstextes und den Anforderungen (von einfacher Tippfehlerkontrolle bis zur Vorbereitung f\u00fcr die Herausgabe) ab.<\/p>\n<h2><a id=\"Apostillen\" name=\"Apostillen\"><\/a>Beschaffung einer Apostille<\/h2>\n<p>Wenn Sie eine Apostille ben\u00f6tigen, nehmen Sie einfach mit mir Kontakt auf. Siehe hier <a href=\"http:\/\/www.translator.ee\/de\/kkk\/#Apostille\">mehr zu Apostillen<\/a>.<\/p>\n<h2><a id=\"Preisbildung\" name=\"Preisbildung\"><\/a>Wie wird der Preis eines durch einen vereidigten \u00dcbersetzer \u00fcbersetzten Dokuments gebildet?<\/h2>\n<p>Das Honorar des beeidigten \u00dcbersetzers wird vertraglich vereinbart (\u00a7 14 Abs. 1 Gesetz \u00fcber vereidigte \u00dcbersetzer).<\/p>\n<h2><a id=\"Ermaessigungen\" name=\"Ermaessigungen\"><\/a>Erm\u00e4\u00dfigungen<\/h2>\n<ul type=\"disc\">\n<li>Bei umfangreicheren Auftr\u00e4gen.<\/li>\n<li>Bei mehreren \u00e4hnlichen Dokumenten.<\/li>\n<li>Wenn mehrere beglaubigte Exemplare gew\u00fcnscht werden, f\u00e4llt bei den weiteren Exemplaren <strong>lediglich<\/strong> die Geb\u00fchr f\u00fcr die Beglaubigung an.<\/li>\n<li>Bei Stammkunden.<\/li>\n<li>Bei Auftr\u00e4gen \u00fcber 100 Euro ist der eingeschriebene Versand kostenlos.<\/li>\n<\/ul>\n<h2><a id=\"Aufschlag\" name=\"Aufschlag\"><\/a>Preisaufschl\u00e4ge<\/h2>\n<ul type=\"disc\">\n<li>Eilaufschlag bei mehr als 5 Seiten (9.000 Zeichen) \/ Tag: +50 %.<\/li>\n<li>Wochenend- und Feiertagsaufschlag: +50\u2014100 %.<\/li>\n<li>Handschriftliche Unterlagen: +20 %.<\/li>\n<li>Die einzelnen Aufschl\u00e4ge sind kumulierbar.<\/li>\n<\/ul>\n<h2><a id=\"Post\" name=\"Post\"><\/a>Postgeb\u00fchren<\/h2>\n<p>Ein \u00fcbersetztes Dokument kann ich Ihnen postalisch auf einem Ihnen genehmen Weg zustellen (ELS Kurierdienst, Einschreiben, Cargobus, DHL). Dokumente werden in der Regel als Einschreiben oder per <a href=\"http:\/\/www.post.ee\/7779\" target=\"_blank\">ELS-Kurier<\/a> verschickt. F\u00fcr das Verschicken von Dokumenten per Kurier oder Einschreiben gilt <strong>der einheitliche Preis von 10 Euro<\/strong>, welcher die Post- und Servicekosten beinhaltet. <span style=\"color: #ff0000;\">Kostenlose Zustellung:<\/span><\/p>\n<ul type=\"disc\">\n<li>bei Bestellung ab 100 Euro (innerhalb Estlands);<\/li>\n<li>der einfache Versand von Dokumenten ist immer kostenlos.<\/li>\n<\/ul>\n<p><\/p>","protected":false},"excerpt":{"rendered":"<p>Ich biete Ihnen schriftliche und m\u00fcndliche \u00dcbersetzungen in verschiedenen Sprachkombinationen, Textkorrektur und -redaktion an. Ich k\u00fcmmere mich auch um die Beantragung von Apostillen. Dar\u00fcber hinaus biete ich Beratung bei der \u00dcbersetzung von Dokumenten und bei mit deren Gebrauch verbundenen Fragen &hellip; <a href=\"http:\/\/www.translator.ee\/de\/hinnad-ja-teenused\/\">Weiterlesen <span class=\"meta-nav\">&rarr;<\/span><\/a><\/p>\n","protected":false},"author":1,"featured_media":0,"parent":0,"menu_order":30,"comment_status":"closed","ping_status":"closed","template":"","meta":{"footnotes":""},"_links":{"self":[{"href":"http:\/\/www.translator.ee\/de\/wp-json\/wp\/v2\/pages\/45"}],"collection":[{"href":"http:\/\/www.translator.ee\/de\/wp-json\/wp\/v2\/pages"}],"about":[{"href":"http:\/\/www.translator.ee\/de\/wp-json\/wp\/v2\/types\/page"}],"author":[{"embeddable":true,"href":"http:\/\/www.translator.ee\/de\/wp-json\/wp\/v2\/users\/1"}],"replies":[{"embeddable":true,"href":"http:\/\/www.translator.ee\/de\/wp-json\/wp\/v2\/comments?post=45"}],"version-history":[{"count":86,"href":"http:\/\/www.translator.ee\/de\/wp-json\/wp\/v2\/pages\/45\/revisions"}],"predecessor-version":[{"id":757,"href":"http:\/\/www.translator.ee\/de\/wp-json\/wp\/v2\/pages\/45\/revisions\/757"}],"wp:attachment":[{"href":"http:\/\/www.translator.ee\/de\/wp-json\/wp\/v2\/media?parent=45"}],"curies":[{"name":"wp","href":"https:\/\/api.w.org\/{rel}","templated":true}]}}