{"id":48,"date":"2011-12-25T13:46:19","date_gmt":"2011-12-25T13:46:19","guid":{"rendered":"http:\/\/translator.ee\/?page_id=48"},"modified":"2022-08-08T21:02:40","modified_gmt":"2022-08-08T19:02:40","slug":"elulugu","status":"publish","type":"page","link":"http:\/\/www.translator.ee\/de\/elulugu\/","title":{"rendered":"CV"},"content":{"rendered":"<table class=\"noborder\" width=\"87%\" cellspacing=\"3\" cellpadding=\"3\" align=\"center\">\n<tbody>\n<tr>\n<td colspan=\"2\">\n<h2 align=\"center\">Dmitri Platonov<\/h2>\n<p style=\"text-align: center;\"><a href=\"http:\/\/www.translator.ee\/wp-content\/uploads\/2022\/08\/Jake_Farra_0093_pla.jpg\"><img loading=\"lazy\" decoding=\"async\" class=\"aligncenter wp-image-821\" src=\"http:\/\/www.translator.ee\/wp-content\/uploads\/2022\/08\/Jake_Farra_0093_pla-683x1024.jpg\" alt=\"\" width=\"250\" height=\"375\" srcset=\"http:\/\/www.translator.ee\/wp-content\/uploads\/2022\/08\/Jake_Farra_0093_pla-683x1024.jpg 683w, http:\/\/www.translator.ee\/wp-content\/uploads\/2022\/08\/Jake_Farra_0093_pla-200x300.jpg 200w, http:\/\/www.translator.ee\/wp-content\/uploads\/2022\/08\/Jake_Farra_0093_pla-768x1152.jpg 768w, http:\/\/www.translator.ee\/wp-content\/uploads\/2022\/08\/Jake_Farra_0093_pla.jpg 1365w\" sizes=\"(max-width: 250px) 100vw, 250px\" \/><\/a><\/p>\n<\/td>\n<\/tr>\n<tr>\n<td colspan=\"2\"><strong>PERS\u00d6NLICHE ANGABEN<\/strong><\/td>\n<\/tr>\n<tr>\n<td width=\"27%\">Geburtsjahr:<\/td>\n<td width=\"73%\">1977<\/td>\n<\/tr>\n<tr>\n<td width=\"27%\">Anschrift:<\/td>\n<td width=\"73%\">R\u00e4vala pst 6, 10143 Tallinn, Estland<\/td>\n<\/tr>\n<tr>\n<td width=\"27%\">Telefon (Mobilfunk):<\/td>\n<td width=\"73%\">+372 51 499 39<\/td>\n<\/tr>\n<tr>\n<td width=\"27%\">E-Mail:<\/td>\n<td width=\"73%\"><a href=\"mailto:info@translator.ee\">info@translator.ee<\/a><\/td>\n<\/tr>\n<tr>\n<td width=\"27%\">Handelsregister-Nr.:<\/td>\n<td width=\"73%\">11820539<\/td>\n<\/tr>\n<tr>\n<td width=\"27%\"><\/td>\n<td width=\"73%\"><\/td>\n<\/tr>\n<tr>\n<td colspan=\"2\"><strong>BILDUNG<\/strong><\/td>\n<\/tr>\n<tr>\n<td valign=\"top\">09.2007 \u2013 06.2011<\/td>\n<td><strong><a href=\"http:\/\/www.ttu.ee\/\" target=\"_blank\" rel=\"noopener\">Technische Universit\u00e4t Tallinn<\/a><\/strong> (Estland)<br \/>\nB.Sc. in Engineering (Logistik)<\/td>\n<\/tr>\n<tr>\n<td valign=\"top\" width=\"27%\">09.2002 \u2013 02.2003<\/td>\n<td width=\"73%\"><strong><a href=\"http:\/\/www.fh-flensburg.de\/\" target=\"_blank\" rel=\"noopener\">Fachhochschule Flensburg<\/a><\/strong> (Deutschland)<br \/>\nStudiengang Technik\u00fcbersetzen<\/td>\n<\/tr>\n<tr>\n<td valign=\"top\" width=\"27%\">09.2001 \u2013 08.2002<\/td>\n<td width=\"73%\"><strong><a href=\"http:\/\/www.ut.ee\/\" target=\"_blank\" rel=\"noopener\">Universit\u00e4t Tartu<\/a><\/strong> (Tartu, Estland)<br \/>\nMaster in \u00dcbersetzung, cum laude<\/td>\n<\/tr>\n<tr>\n<td valign=\"top\" width=\"27%\">08.1995 \u2013 06.2001<\/td>\n<td width=\"73%\"><strong><a href=\"http:\/\/www.ut.ee\/\" target=\"_blank\" rel=\"noopener\">Universit\u00e4t Tartu<\/a><\/strong> (Tartu, Estland)<br \/>\nB.A. (Deutsche Sprache und Literatur); Nebenfach: Estnisch als Fremdsprache<\/td>\n<\/tr>\n<tr>\n<td valign=\"top\" width=\"27%\">10.1998 \u2013 02.1999<\/td>\n<td width=\"73%\"><strong><a href=\"http:\/\/www.uni-heidelberg.de\/\" target=\"_blank\" rel=\"noopener\">Universit\u00e4t Heidelberg<\/a><\/strong> (Deutschland), <a href=\"http:\/\/www.iued.uni-heidelberg.de\/\" target=\"_blank\" rel=\"noopener\">Institut f\u00fcr \u00dcbersetzen und Dolmetschen<\/a> (<a href=\"http:\/\/www.daad.de\/\" target=\"_blank\" rel=\"noopener\">DAAD-<\/a>Stipendium)<\/td>\n<\/tr>\n<tr>\n<td valign=\"top\" width=\"27%\">08.1997 \u2013 09.1997<\/td>\n<td width=\"73%\"><strong><a href=\"http:\/\/www.uni-duisburg.de\/\" target=\"_blank\" rel=\"noopener\">Universit\u00e4t Duisburgi<\/a><\/strong> (Deutschland), Sommeruniversit\u00e4t (<a href=\"http:\/\/www.daad.de\/\" target=\"_blank\" rel=\"noopener\">DAAD-<\/a>Stipendium)<\/td>\n<\/tr>\n<tr>\n<td valign=\"top\" width=\"27%\">1993 \u2013 1995<\/td>\n<td width=\"73%\"><strong><a href=\"http:\/\/www.ahtme.edu.ee\/\" target=\"_blank\" rel=\"noopener\">Gymnasium Ahtme der Stadt Kohtla-J\u00e4rve<\/a><\/strong> (Estland)<br \/>\nAbiturdurchschnittsnote: 1,0<\/td>\n<\/tr>\n<tr>\n<td valign=\"top\" width=\"27%\"><\/td>\n<td width=\"73%\"><\/td>\n<\/tr>\n<tr>\n<td colspan=\"2\"><strong>BERUFLICHER WERDEGANG<\/strong><\/td>\n<\/tr>\n<tr>\n<td colspan=\"2\">Ich habe seit 2005 hauptberuflich als \u00dcbersetzer und Dolmetscher f\u00fcr mehrere \u00dcbersetzungsb\u00fcros in Estland gearbeitet, habe ein \u00dcbersetzerpraktikum in einer gro\u00dfen internationalen \u00dcbersetzungsfirma in Deutschland absolviert, an der <a href=\"http:\/\/www.ut.ee\/\">Universit\u00e4t Tartu<\/a> (Estland) \u00dcbersetzung in der Kombination Deutsch-Russisch sowie die Benutzung der Software <i>Trados <\/i>unterrichtet und als Redakteur von russischsprachigen Nachrichten in einem estnischen Internetportal gearbeitet.<br \/>\nVollst\u00e4ndiger Lebenslauf auf Anfrage.<\/td>\n<\/tr>\n<tr>\n<td width=\"27%\"><\/td>\n<td width=\"73%\"><\/td>\n<\/tr>\n<tr>\n<td colspan=\"2\"><strong>SONSTIGES<\/strong><\/td>\n<\/tr>\n<tr>\n<td valign=\"top\" width=\"27%\">Sprachkenntnisse:<\/td>\n<td width=\"73%\">Russisch \u2013 Muttersprache<br \/>\nDeutsch \u2013 sehr gut in Wort und Schrift<br \/>\nEstnisch \u2013 sehr gut in Wort und Schrift<br \/>\nEnglisch \u2013 gut<\/td>\n<\/tr>\n<tr>\n<td valign=\"top\" width=\"27%\">Computerkenntnisse:<\/td>\n<td width=\"73%\">Windows 3.11\/95\/98\/2000\/Me\/NT\/XP\/Vista\/7, Mac OS X, UNIX, MS-DOS; MS Office (Word, Access, Excel, Outlook, FrontPage, PowerPoint); CorelDRAW, Corel PHOTO-PAINT, Paint Shop Pro, Adobe Photoshop, Adobe InDesign; AutoCAD; Macromedia Dreamweaver; TRADOS, MultiTerm, SDLX Lite; HTML, CSS, VBA f\u00fcr Excel.<\/td>\n<\/tr>\n<\/tbody>\n<\/table>","protected":false},"excerpt":{"rendered":"<p>Dmitri Platonov PERS\u00d6NLICHE ANGABEN Geburtsjahr: 1977 Anschrift: R\u00e4vala pst 6, 10143 Tallinn, Estland Telefon (Mobilfunk): +372 51 499 39 E-Mail: info@translator.ee Handelsregister-Nr.: 11820539 BILDUNG 09.2007 \u2013 06.2011 Technische Universit\u00e4t Tallinn (Estland) B.Sc. in Engineering (Logistik) 09.2002 \u2013 02.2003 Fachhochschule Flensburg &hellip; <a href=\"http:\/\/www.translator.ee\/de\/elulugu\/\">Weiterlesen <span class=\"meta-nav\">&rarr;<\/span><\/a><\/p>\n","protected":false},"author":1,"featured_media":0,"parent":0,"menu_order":40,"comment_status":"closed","ping_status":"closed","template":"","meta":{"footnotes":""},"_links":{"self":[{"href":"http:\/\/www.translator.ee\/de\/wp-json\/wp\/v2\/pages\/48"}],"collection":[{"href":"http:\/\/www.translator.ee\/de\/wp-json\/wp\/v2\/pages"}],"about":[{"href":"http:\/\/www.translator.ee\/de\/wp-json\/wp\/v2\/types\/page"}],"author":[{"embeddable":true,"href":"http:\/\/www.translator.ee\/de\/wp-json\/wp\/v2\/users\/1"}],"replies":[{"embeddable":true,"href":"http:\/\/www.translator.ee\/de\/wp-json\/wp\/v2\/comments?post=48"}],"version-history":[{"count":68,"href":"http:\/\/www.translator.ee\/de\/wp-json\/wp\/v2\/pages\/48\/revisions"}],"predecessor-version":[{"id":824,"href":"http:\/\/www.translator.ee\/de\/wp-json\/wp\/v2\/pages\/48\/revisions\/824"}],"wp:attachment":[{"href":"http:\/\/www.translator.ee\/de\/wp-json\/wp\/v2\/media?parent=48"}],"curies":[{"name":"wp","href":"https:\/\/api.w.org\/{rel}","templated":true}]}}