{"id":50,"date":"2011-12-25T13:47:22","date_gmt":"2011-12-25T13:47:22","guid":{"rendered":"http:\/\/translator.ee\/?page_id=50"},"modified":"2013-11-19T21:04:09","modified_gmt":"2013-11-19T18:04:09","slug":"kliendid","status":"publish","type":"page","link":"http:\/\/www.translator.ee\/de\/kliendid\/","title":{"rendered":"Kunden und Referenzen"},"content":{"rendered":"<p>Zu meinen Kunden z\u00e4hlen Unternehmen aus der ganzen Welt, Beh\u00f6rden und Privatpersonen. Ich arbeite zudem mit den gr\u00f6\u00dferen Sprachmittlungsagenturen und \u00dcbersetzungsb\u00fcros Estlands und mehreren internationalen Sprachmittlungsagenturen zusammen. Nachfolgend finden Sie einige Bewertungen von meinen Kunden. An dieser Stelle darf ich allen meinen Kunden f\u00fcr die angenehme Zusammenarbeit danken!<\/p>\n<p style=\"padding-left: 30px;\">\u201eIch m\u00f6chte mich nochmals f\u00fcr die schnelle \u00dcbersetzung bedanken. Dank Dmitri Platonovs Hilfe konnten wir alle Unterlagen f\u00fcr die Ausschreibung estnischer Theaterbusse rechtzeitig einreichen und die Ausschreibung gewinnen. Die Theater in Estland haben daher neue, moderne Reisebusse.\u201c<br \/>\n<em>Andres M\u00e4ngel (Offizieller Vertreter f\u00fcr O\u00dc KEIL M.A., MAN und Neoplan Fahrzeuge in Estland)<\/em><\/p>\n<p style=\"padding-left: 30px;\">\u201eIch denke, s\u00e4mtliche \u00dcbersetzungsarbeiten sollten nur von vereidigten \u00dcbersetzern ausgef\u00fchrt werden. Die Vorz\u00fcge sind eindeutig.\u201c<br \/>\n<em> Dr. Sergei Jeltsov<\/em><\/p>\n<p style=\"padding-left: 30px;\">\u201eIn Zusammenhang mit einem gr\u00f6\u00dferen Fall ben\u00f6tigte ich die \u00dcbersetzung von umfangreichen Dokumenten aus dem Estnischen ins Deutsche und umgekehrt. Der vereidigte \u00dcbersetzer Herr Dmitri Platonov hat s\u00e4mtliche \u00dcbersetzungsarbeiten extrem professionell ausgef\u00fchrt. Sicherlich muss man seine Korrektheit bei Abgabeterminen und sein Entgegenkommen bei diesen erw\u00e4hnen. Ich bin ein zufriedener Kunde.\u201c<br \/>\n<em> Timo Kullerkupp, Anwalt (MAQS Law Firm Anwaltskanzlei, Tallinn)<\/em><\/p>\n<p style=\"padding-left: 30px;\">\u201eIch habe einen vereidigten \u00dcbersetzer gew\u00e4hlt, denn das deutsche Gericht akzeptiert keine gew\u00f6hnlichen, notariell beglaubigten \u00dcbersetzungen und das Gericht h\u00e4tte notariell beglaubigte \u00dcbersetzungen einfach zur\u00fcckweisen k\u00f6nnen und unsere Seite h\u00e4tte den Prozess verlieren k\u00f6nnen.<br \/>\nDmitri Platonov hat die Verfahrensdokumente in einer sehr korrekten \u00dcbersetzung ins Deutsche \u00fcbertragen und im Laufe des Gerichtsprozesses sagte der Deutsche Richter, &#8222;eine sehr gute \u00dcbersetzung wurde eingereicht, die man gern gelesen hat&#8220;. Dank der korrekt \u00fcbersetzten Dokumente konnte unsere Seite den Prozess schlie\u00dflich gewinnen.\u201c<br \/>\n<em> Andrei Petrov, Jurist (Tallinn, Estland)<\/em><\/p>\n<p style=\"padding-left: 30px;\">\u201eIch lasse Herrn Platonov Kurzbeitr\u00e4ge und Rezensionen von mir ins Russische \u00fcbersetzen, um sie in Russland zu ver\u00f6ffentlichen oder an Kollegen dort weiter zu reichen. Ich bin mit der Qualit\u00e4t seiner Arbeit bisher sehr zufrieden gewesen.\u201c<br \/>\n<em> Dr. Olaf Mertelsmann, Osteuropahistoriker (Tartu, Estland)<\/em><\/p>\n<p style=\"padding-left: 30px;\">\u201eHr. Platonov hat mehrfach f\u00fcr uns an einem gr\u00f6\u00dferen Recherche-Objekt im Baltikum unterst\u00fctzend mitgearbeitet. und die uns gestellten Auftr\u00e4ge dabei nicht nur einfach hervorragend \u00fcbersetzt bzw. speziell vor Ort gedolmetscht! Vielmehr hat er zur Erf\u00fcllung unseres Auftrages neben intensivem Engagement vor allem auch durch erstaunlich gro\u00dfe Eigeninitiative und gute EDV-Kenntnisse (informationbeschaffung via Internet) erheblich beigetragen!<br \/>\nDank seiner ma\u00dfgeblichen Hilfe konnte der Auftrag f\u00fcr uns erfolgreich abgeschlossen werden.<br \/>\nWir w\u00fcnschen ihm weiterhin beruflichen Erfolg und k\u00f6nnen ihn potentiellen Kunden nur w\u00e4rmstens empfehlen!\u201c<br \/>\n<em> Maik Junker, Privatdetektiv, Gesch\u00e4ftsf\u00fcher der TRS-\/ FOCUS-Detektei (Berlin)<\/em><\/p>\n<p><\/p>","protected":false},"excerpt":{"rendered":"<p>Zu meinen Kunden z\u00e4hlen Unternehmen aus der ganzen Welt, Beh\u00f6rden und Privatpersonen. Ich arbeite zudem mit den gr\u00f6\u00dferen Sprachmittlungsagenturen und \u00dcbersetzungsb\u00fcros Estlands und mehreren internationalen Sprachmittlungsagenturen zusammen. Nachfolgend finden Sie einige Bewertungen von meinen Kunden. An dieser Stelle darf ich &hellip; <a href=\"http:\/\/www.translator.ee\/de\/kliendid\/\">Weiterlesen <span class=\"meta-nav\">&rarr;<\/span><\/a><\/p>\n","protected":false},"author":1,"featured_media":0,"parent":0,"menu_order":50,"comment_status":"closed","ping_status":"closed","template":"","meta":{"footnotes":""},"_links":{"self":[{"href":"http:\/\/www.translator.ee\/de\/wp-json\/wp\/v2\/pages\/50"}],"collection":[{"href":"http:\/\/www.translator.ee\/de\/wp-json\/wp\/v2\/pages"}],"about":[{"href":"http:\/\/www.translator.ee\/de\/wp-json\/wp\/v2\/types\/page"}],"author":[{"embeddable":true,"href":"http:\/\/www.translator.ee\/de\/wp-json\/wp\/v2\/users\/1"}],"replies":[{"embeddable":true,"href":"http:\/\/www.translator.ee\/de\/wp-json\/wp\/v2\/comments?post=50"}],"version-history":[{"count":16,"href":"http:\/\/www.translator.ee\/de\/wp-json\/wp\/v2\/pages\/50\/revisions"}],"predecessor-version":[{"id":146,"href":"http:\/\/www.translator.ee\/de\/wp-json\/wp\/v2\/pages\/50\/revisions\/146"}],"wp:attachment":[{"href":"http:\/\/www.translator.ee\/de\/wp-json\/wp\/v2\/media?parent=50"}],"curies":[{"name":"wp","href":"https:\/\/api.w.org\/{rel}","templated":true}]}}