{"id":56,"date":"2011-12-25T13:53:30","date_gmt":"2011-12-25T13:53:30","guid":{"rendered":"http:\/\/translator.ee\/?page_id=56"},"modified":"2015-10-04T18:08:05","modified_gmt":"2015-10-04T15:08:05","slug":"kontakt","status":"publish","type":"page","link":"http:\/\/www.translator.ee\/de\/kontakt\/","title":{"rendered":"Kontakt"},"content":{"rendered":"<p><\/p>\n<p><\/p>\n<p><\/p>\n<h2>B\u00fcro<\/h2>\n<p>Mein B\u00fcro liegt im Zentrum von Tallinn, gleich am Einkaufszentrum &#8222;Viru Keskus&#8220; (<a href=\"https:\/\/www.google.ee\/maps\/place\/R%C3%A4vala+puiestee+6,+10145+Tallinn\/@59.4343551,24.7567353,17z\/data=!3m1!4b1!4m2!3m1!1s0x4692935fe4a9d5c1:0x1823790ffad8d5ad!6m1!1e1?hl=de\" target=\"_blank\">siehe Stadtplan<\/a>). Von 9 bis 17 Uhr nimmt die Sekret\u00e4rin des \u00dcbersetzungsb\u00fcros Ihre Dokumente entgegen. Hinterlassen Sie bitte auch Namen und Telefonnummer. Ich bin auch au\u00dferhalb der \u00fcblichen Gesch\u00e4ftszeiten und am Wochenende f\u00fcr Sie erreichbar.<br \/>\n<a title=\"R\u00e4vala pst 6\" href=\"http:\/\/www.translator.ee\/wp-content\/uploads\/2015\/10\/Ravala_Arimaja_1200px.jpg\"><img loading=\"lazy\" decoding=\"async\" class=\"wp-image-737 alignleft\" title=\"R\u00e4vala pst 6\" alt=\"Ravala_Arimaja_1200px\" src=\"http:\/\/www.translator.ee\/wp-content\/uploads\/2015\/10\/Ravala_Arimaja_1200px-1024x576.jpg\" width=\"400\" height=\"225\" srcset=\"http:\/\/www.translator.ee\/wp-content\/uploads\/2015\/10\/Ravala_Arimaja_1200px-1024x576.jpg 1024w, http:\/\/www.translator.ee\/wp-content\/uploads\/2015\/10\/Ravala_Arimaja_1200px-300x168.jpg 300w, http:\/\/www.translator.ee\/wp-content\/uploads\/2015\/10\/Ravala_Arimaja_1200px-500x281.jpg 500w, http:\/\/www.translator.ee\/wp-content\/uploads\/2015\/10\/Ravala_Arimaja_1200px.jpg 1200w\" sizes=\"(max-width: 400px) 100vw, 400px\" \/><\/a><br \/>\n<iframe loading=\"lazy\" style=\"border: 0;\" src=\"https:\/\/www.google.com\/maps\/embed?pb=!1m18!1m12!1m3!1d2028.92321949079!2d24.7567353!3d59.4343551!2m3!1f0!2f0!3f0!3m2!1i1024!2i768!4f13.1!3m3!1m2!1s0x4692935fe4a9d5c1%3A0x1823790ffad8d5ad!2sR%C3%A4vala+puiestee+6%2C+10145+Tallinn!5e0!3m2!1set!2see!4v1443969598176\" height=\"225\" width=\"400\" allowfullscreen=\"\" frameborder=\"0\"><\/iframe><\/p>\n<h2>Postanschrift<\/h2>\n<p>Dmitri Platonov<\/br>R\u00e4vala pst 6<\/br>10143 Tallinn, Estonia<br \/>\n&nbsp;<br \/>\n<strong>E-Mail: <\/strong><a href=\"mailto:info@translator.ee\">info@translator.ee<\/a> <strong><\/br>Mobilfunk: <\/strong>+372 51 49 939<\/p>\n<h2>Bankverbindung<\/h2>\n<p><strong>Bank:<\/strong> Swedbank AS <strong><\/br>Kontoinhaber: <\/strong>Dmitri Platonov <strong><\/br>IBAN: <\/strong>EE922200001104469928 <strong><\/br>SWIFT\/BIC: <\/strong>HABAEE2X<\/p>\n<h2>Zu Hause<\/h2>\n<p>Hausbesuch nur im Ausnahmefall und auf Absprache!<\/p>\n<p><\/p>\n<p><\/p>","protected":false},"excerpt":{"rendered":"<p>B\u00fcro Mein B\u00fcro liegt im Zentrum von Tallinn, gleich am Einkaufszentrum &#8222;Viru Keskus&#8220; (siehe Stadtplan). Von 9 bis 17 Uhr nimmt die Sekret\u00e4rin des \u00dcbersetzungsb\u00fcros Ihre Dokumente entgegen. Hinterlassen Sie bitte auch Namen und Telefonnummer. Ich bin auch au\u00dferhalb der &hellip; <a href=\"http:\/\/www.translator.ee\/de\/kontakt\/\">Weiterlesen <span class=\"meta-nav\">&rarr;<\/span><\/a><\/p>\n","protected":false},"author":1,"featured_media":0,"parent":0,"menu_order":80,"comment_status":"closed","ping_status":"closed","template":"","meta":{"footnotes":""},"_links":{"self":[{"href":"http:\/\/www.translator.ee\/de\/wp-json\/wp\/v2\/pages\/56"}],"collection":[{"href":"http:\/\/www.translator.ee\/de\/wp-json\/wp\/v2\/pages"}],"about":[{"href":"http:\/\/www.translator.ee\/de\/wp-json\/wp\/v2\/types\/page"}],"author":[{"embeddable":true,"href":"http:\/\/www.translator.ee\/de\/wp-json\/wp\/v2\/users\/1"}],"replies":[{"embeddable":true,"href":"http:\/\/www.translator.ee\/de\/wp-json\/wp\/v2\/comments?post=56"}],"version-history":[{"count":101,"href":"http:\/\/www.translator.ee\/de\/wp-json\/wp\/v2\/pages\/56\/revisions"}],"predecessor-version":[{"id":257,"href":"http:\/\/www.translator.ee\/de\/wp-json\/wp\/v2\/pages\/56\/revisions\/257"}],"wp:attachment":[{"href":"http:\/\/www.translator.ee\/de\/wp-json\/wp\/v2\/media?parent=56"}],"curies":[{"name":"wp","href":"https:\/\/api.w.org\/{rel}","templated":true}]}}